{"id":8,"date":"2026-04-27T17:26:36","date_gmt":"2026-04-27T17:26:36","guid":{"rendered":"https:\/\/kinderschutz-rheinhessen.de\/?page_id=8"},"modified":"2026-04-27T21:13:49","modified_gmt":"2026-04-27T21:13:49","slug":"8-2","status":"publish","type":"page","link":"https:\/\/www.kinderschutz-rheinhessen.de\/?page_id=8","title":{"rendered":"Offener Brief Mai 2026"},"content":{"rendered":"\n<div class=\"wp-block-group alignfull has-global-padding is-layout-constrained wp-container-core-group-is-layout-4fef5d4e wp-block-group-is-layout-constrained\" style=\"min-height:0vh;margin-top:0;margin-bottom:0;padding-top:var(--wp--preset--spacing--20);padding-right:var(--wp--preset--spacing--40);padding-bottom:var(--wp--preset--spacing--20);padding-left:var(--wp--preset--spacing--40)\">\n<div class=\"wp-block-group has-global-padding is-layout-constrained wp-container-core-group-is-layout-346627ba wp-block-group-is-layout-constrained\"><\/div>\n<\/div>\n\n\n\n<div class=\"wp-block-group alignfull is-style-section-1 has-global-padding is-layout-constrained wp-block-group-is-layout-constrained is-style-section-1--1\" style=\"margin-top:0;margin-bottom:0;padding-top:var(--wp--preset--spacing--20);padding-bottom:var(--wp--preset--spacing--20)\"><\/div>\n\n\n\n<aside class=\"wp-block-group alignfull is-style-section-3 has-global-padding is-layout-constrained wp-container-core-group-is-layout-f0f2a97b wp-block-group-is-layout-constrained is-style-section-3--2\" style=\"margin-top:0;margin-bottom:0;padding-top:var(--wp--preset--spacing--50);padding-right:var(--wp--preset--spacing--50);padding-bottom:var(--wp--preset--spacing--50);padding-left:var(--wp--preset--spacing--50)\">\n<div class=\"wp-block-group is-vertical is-content-justification-center is-layout-flex wp-container-core-group-is-layout-8778ca4a wp-block-group-is-layout-flex\" style=\"min-height:360px;margin-top:0;margin-bottom:0\">\n<h2 class=\"wp-block-heading has-text-align-center has-xx-large-font-size\">IN \u00dcBERARBEITUNG<\/h2>\n\n\n\n<div style=\"height:0px\" aria-hidden=\"true\" class=\"wp-block-spacer wp-container-content-62aae154\"><\/div>\n\n\n\n<div class=\"wp-block-buttons is-content-justification-center is-layout-flex wp-container-core-buttons-is-layout-a89b3969 wp-block-buttons-is-layout-flex\"><\/div>\n<\/div>\n<\/aside>\n\n\n\n<p><\/p>\n","protected":false},"excerpt":{"rendered":"<p>IN \u00dcBERARBEITUNG<\/p>\n","protected":false},"author":1,"featured_media":0,"parent":0,"menu_order":1,"comment_status":"closed","ping_status":"closed","template":"","meta":{"footnotes":""},"class_list":["post-8","page","type-page","status-publish","hentry"],"yoast_head":"<!-- This site is optimized with the Yoast SEO plugin v27.6 - https:\/\/yoast.com\/product\/yoast-seo-wordpress\/ -->\n<title>Offener Brief Mai 2026 - B\u00fcrgerinitiative f\u00fcr eine sichere Kindheit in Rheinhessen<\/title>\n<meta name=\"robots\" content=\"index, follow, max-snippet:-1, max-image-preview:large, max-video-preview:-1\" \/>\n<link rel=\"canonical\" href=\"https:\/\/www.kinderschutz-rheinhessen.de\/?page_id=8\" \/>\n<meta property=\"og:locale\" content=\"de_DE\" \/>\n<meta property=\"og:type\" content=\"article\" \/>\n<meta property=\"og:title\" content=\"Offener Brief Mai 2026 - B\u00fcrgerinitiative f\u00fcr eine sichere Kindheit in Rheinhessen\" \/>\n<meta property=\"og:description\" content=\"IN \u00dcBERARBEITUNG\" \/>\n<meta property=\"og:url\" content=\"https:\/\/www.kinderschutz-rheinhessen.de\/?page_id=8\" \/>\n<meta property=\"og:site_name\" content=\"B\u00fcrgerinitiative f\u00fcr eine sichere Kindheit in Rheinhessen\" \/>\n<meta property=\"article:modified_time\" content=\"2026-04-27T21:13:49+00:00\" \/>\n<meta name=\"twitter:card\" content=\"summary_large_image\" \/>\n<meta name=\"twitter:label1\" content=\"Gesch\u00e4tzte Lesezeit\" \/>\n\t<meta name=\"twitter:data1\" content=\"1\u00a0Minute\" \/>\n<script type=\"application\/ld+json\" class=\"yoast-schema-graph\">{\"@context\":\"https:\\\/\\\/schema.org\",\"@graph\":[{\"@type\":\"WebPage\",\"@id\":\"https:\\\/\\\/www.kinderschutz-rheinhessen.de\\\/?page_id=8\",\"url\":\"https:\\\/\\\/www.kinderschutz-rheinhessen.de\\\/?page_id=8\",\"name\":\"Offener Brief Mai 2026 - B\u00fcrgerinitiative f\u00fcr eine sichere Kindheit in Rheinhessen\",\"isPartOf\":{\"@id\":\"https:\\\/\\\/www.kinderschutz-rheinhessen.de\\\/#website\"},\"datePublished\":\"2026-04-27T17:26:36+00:00\",\"dateModified\":\"2026-04-27T21:13:49+00:00\",\"breadcrumb\":{\"@id\":\"https:\\\/\\\/www.kinderschutz-rheinhessen.de\\\/?page_id=8#breadcrumb\"},\"inLanguage\":\"de\",\"potentialAction\":[{\"@type\":\"ReadAction\",\"target\":[\"https:\\\/\\\/www.kinderschutz-rheinhessen.de\\\/?page_id=8\"]}]},{\"@type\":\"BreadcrumbList\",\"@id\":\"https:\\\/\\\/www.kinderschutz-rheinhessen.de\\\/?page_id=8#breadcrumb\",\"itemListElement\":[{\"@type\":\"ListItem\",\"position\":1,\"name\":\"Start\",\"item\":\"https:\\\/\\\/www.kinderschutz-rheinhessen.de\\\/\"},{\"@type\":\"ListItem\",\"position\":2,\"name\":\"Offener Brief Mai 2026\"}]},{\"@type\":\"WebSite\",\"@id\":\"https:\\\/\\\/www.kinderschutz-rheinhessen.de\\\/#website\",\"url\":\"https:\\\/\\\/www.kinderschutz-rheinhessen.de\\\/\",\"name\":\"B\u00fcrgerinitiative f\u00fcr eine sichere Kindheit in Rheinhessen\",\"description\":\"\",\"potentialAction\":[{\"@type\":\"SearchAction\",\"target\":{\"@type\":\"EntryPoint\",\"urlTemplate\":\"https:\\\/\\\/www.kinderschutz-rheinhessen.de\\\/?s={search_term_string}\"},\"query-input\":{\"@type\":\"PropertyValueSpecification\",\"valueRequired\":true,\"valueName\":\"search_term_string\"}}],\"inLanguage\":\"de\"}]}<\/script>\n<!-- \/ Yoast SEO plugin. -->","yoast_head_json":{"title":"Offener Brief Mai 2026 - B\u00fcrgerinitiative f\u00fcr eine sichere Kindheit in Rheinhessen","robots":{"index":"index","follow":"follow","max-snippet":"max-snippet:-1","max-image-preview":"max-image-preview:large","max-video-preview":"max-video-preview:-1"},"canonical":"https:\/\/www.kinderschutz-rheinhessen.de\/?page_id=8","og_locale":"de_DE","og_type":"article","og_title":"Offener Brief Mai 2026 - B\u00fcrgerinitiative f\u00fcr eine sichere Kindheit in Rheinhessen","og_description":"IN \u00dcBERARBEITUNG","og_url":"https:\/\/www.kinderschutz-rheinhessen.de\/?page_id=8","og_site_name":"B\u00fcrgerinitiative f\u00fcr eine sichere Kindheit in Rheinhessen","article_modified_time":"2026-04-27T21:13:49+00:00","twitter_card":"summary_large_image","twitter_misc":{"Gesch\u00e4tzte Lesezeit":"1\u00a0Minute"},"schema":{"@context":"https:\/\/schema.org","@graph":[{"@type":"WebPage","@id":"https:\/\/www.kinderschutz-rheinhessen.de\/?page_id=8","url":"https:\/\/www.kinderschutz-rheinhessen.de\/?page_id=8","name":"Offener Brief Mai 2026 - B\u00fcrgerinitiative f\u00fcr eine sichere Kindheit in Rheinhessen","isPartOf":{"@id":"https:\/\/www.kinderschutz-rheinhessen.de\/#website"},"datePublished":"2026-04-27T17:26:36+00:00","dateModified":"2026-04-27T21:13:49+00:00","breadcrumb":{"@id":"https:\/\/www.kinderschutz-rheinhessen.de\/?page_id=8#breadcrumb"},"inLanguage":"de","potentialAction":[{"@type":"ReadAction","target":["https:\/\/www.kinderschutz-rheinhessen.de\/?page_id=8"]}]},{"@type":"BreadcrumbList","@id":"https:\/\/www.kinderschutz-rheinhessen.de\/?page_id=8#breadcrumb","itemListElement":[{"@type":"ListItem","position":1,"name":"Start","item":"https:\/\/www.kinderschutz-rheinhessen.de\/"},{"@type":"ListItem","position":2,"name":"Offener Brief Mai 2026"}]},{"@type":"WebSite","@id":"https:\/\/www.kinderschutz-rheinhessen.de\/#website","url":"https:\/\/www.kinderschutz-rheinhessen.de\/","name":"B\u00fcrgerinitiative f\u00fcr eine sichere Kindheit in Rheinhessen","description":"","potentialAction":[{"@type":"SearchAction","target":{"@type":"EntryPoint","urlTemplate":"https:\/\/www.kinderschutz-rheinhessen.de\/?s={search_term_string}"},"query-input":{"@type":"PropertyValueSpecification","valueRequired":true,"valueName":"search_term_string"}}],"inLanguage":"de"}]}},"_links":{"self":[{"href":"https:\/\/www.kinderschutz-rheinhessen.de\/index.php?rest_route=\/wp\/v2\/pages\/8","targetHints":{"allow":["GET"]}}],"collection":[{"href":"https:\/\/www.kinderschutz-rheinhessen.de\/index.php?rest_route=\/wp\/v2\/pages"}],"about":[{"href":"https:\/\/www.kinderschutz-rheinhessen.de\/index.php?rest_route=\/wp\/v2\/types\/page"}],"author":[{"embeddable":true,"href":"https:\/\/www.kinderschutz-rheinhessen.de\/index.php?rest_route=\/wp\/v2\/users\/1"}],"replies":[{"embeddable":true,"href":"https:\/\/www.kinderschutz-rheinhessen.de\/index.php?rest_route=%2Fwp%2Fv2%2Fcomments&post=8"}],"version-history":[{"count":11,"href":"https:\/\/www.kinderschutz-rheinhessen.de\/index.php?rest_route=\/wp\/v2\/pages\/8\/revisions"}],"predecessor-version":[{"id":74,"href":"https:\/\/www.kinderschutz-rheinhessen.de\/index.php?rest_route=\/wp\/v2\/pages\/8\/revisions\/74"}],"wp:attachment":[{"href":"https:\/\/www.kinderschutz-rheinhessen.de\/index.php?rest_route=%2Fwp%2Fv2%2Fmedia&parent=8"}],"curies":[{"name":"wp","href":"https:\/\/api.w.org\/{rel}","templated":true}]}}